{"id":6044,"date":"2021-07-20T16:09:21","date_gmt":"2021-07-20T16:09:21","guid":{"rendered":"https:\/\/heatsail.com\/especificaciones-tecnicas-y-documentacion\/"},"modified":"2024-05-15T17:17:26","modified_gmt":"2024-05-15T17:17:26","slug":"especificaciones-tecnicas-y-documentacion","status":"publish","type":"page","link":"https:\/\/web.heatsail.com\/es\/especificaciones-tecnicas-y-documentacion\/","title":{"rendered":"Documentaci\u00f3n e informaci\u00f3n t\u00e9cnica"},"content":{"rendered":"<h1>Documentaci\u00f3n e informaci\u00f3n t\u00e9cnica<\/h1>\n<p>Seleccione el producto que le interesa para encontrar m\u00e1s documentaci\u00f3n e informaci\u00f3n t\u00e9cnica. Si a\u00fan tiene preguntas, estaremos encantados de ayudarle.<\/p>\n<p><a href=\"http:\/\/web.heatsail.com\/es\/especificaciones-tecnicas-y-documentacion\/\"><br \/>\nNorth American customers click here<br \/>\n<\/a><\/p>\n<p><strong>Colecci\u00f3n DOME<\/strong><\/p>\n<p><a tabindex=\"0\">DOME<\/a><\/p>\n<ul>\n<li><a href=\"http:\/\/web.heatsail.com\/wp-content\/uploads\/2021\/05\/CE-EN-HEATSAIL-TECHNICAL-INFORMATION-DOME.pdf\" target=\"_blank\" rel=\"noopener\">Informaci\u00f3n t\u00e9cnica DOME<\/a><\/li>\n<li><a href=\"http:\/\/web.heatsail.com\/wp-content\/uploads\/2022\/01\/01112022-HEATSAIL-MANUAL-DOME.pdf\" target=\"_blank\" rel=\"noopener\">Manual de instrucciones DOME<\/a><\/li>\n<li><a href=\"http:\/\/web.heatsail.com\/wp-content\/uploads\/2021\/06\/CE-DOME-Wiring-Diagram-05262021-2.pdf\" target=\"_blank\" rel=\"noopener\">Diagrama de cableado DOME<\/a><\/li>\n<li><a href=\"http:\/\/web.heatsail.com\/wp-content\/uploads\/2021\/06\/CE-DOME-Wiring-Diagram-with-music-05262021-1.pdf\" target=\"_blank\" rel=\"noopener\">Diagrama de cableado DOME con m\u00fasica<\/a><\/li>\n<li><a href=\"http:\/\/web.heatsail.com\/wp-content\/uploads\/2022\/04\/RAL-COLORS.pdf\" target=\"_blank\" rel=\"noopener\">Colores RAL disponibles<\/a><\/li>\n<li><a href=\"http:\/\/web.heatsail.com\/wp-content\/uploads\/2022\/02\/2021HeatsailDOME-ES.pdf\" target=\"_blank\" rel=\"noopener\">Folleto colecci\u00f3n DOME<\/a><\/li>\n<\/ul>\n<p><a tabindex=\"0\">DOME colgante<\/a><\/p>\n<ul>\n<li><a href=\"http:\/\/web.heatsail.com\/wp-content\/uploads\/2023\/12\/CE-EN-TECHNICAL-INFORMATION-DOME-PENDANT.pdf\" target=\"_blank\" rel=\"noopener\">Informaci\u00f3n t\u00e9cnica DOME colgante<\/a><\/li>\n<li><a href=\"http:\/\/web.heatsail.com\/wp-content\/uploads\/2022\/01\/01112022-HEATSAIL-MANUAL-DOME-PENDANT.pdf\" target=\"_blank\" rel=\"noopener\">Manual de instrucciones DOME colgante<\/a><\/li>\n<li><a href=\"http:\/\/web.heatsail.com\/wp-content\/uploads\/2021\/06\/CE-DOME-Pendant-Wiring-Diagram-05262021.pdf\" target=\"_blank\" rel=\"noopener\">Diagrama de cableado DOME colgante<\/a><\/li>\n<li><a href=\"http:\/\/web.heatsail.com\/wp-content\/uploads\/2022\/04\/RAL-COLORS.pdf\" target=\"_blank\" rel=\"noopener\">Colores RAL disponibles<\/a><\/li>\n<li><a href=\"http:\/\/web.heatsail.com\/wp-content\/uploads\/2022\/02\/2021HeatsailDOME-ES.pdf\" target=\"_blank\" rel=\"noopener\">Folleto colecci\u00f3n DOME<\/a><\/li>\n<\/ul>\n<p><a tabindex=\"0\">DOME soporte de arco<\/a><\/p>\n<ul>\n<li>Informaci\u00f3n t\u00e9cnica DOME soporte de arco<\/li>\n<li><a href=\"http:\/\/web.heatsail.com\/wp-content\/uploads\/2022\/06\/21062022-HEATSAIL-MANUAL-DOME-BOWBRACKET.pdf\" target=\"_blank\" rel=\"noopener\">Manual de instrucciones DOME soporte de arco<\/a><\/li>\n<li>Diagrama de cableado DOME colgante<\/li>\n<li><a href=\"http:\/\/web.heatsail.com\/wp-content\/uploads\/2022\/04\/RAL-COLORS.pdf\" target=\"_blank\" rel=\"noopener\">Colores RAL disponibles<\/a><\/li>\n<li><a href=\"http:\/\/web.heatsail.com\/wp-content\/uploads\/2022\/02\/2021HeatsailDOME-ES.pdf\" target=\"_blank\" rel=\"noopener\">Folleto colecci\u00f3n DOME<\/a><\/li>\n<\/ul>\n<p><strong>Colecci\u00f3n BEEM<\/strong><\/p>\n<p><a tabindex=\"0\">BEEM <\/a><\/p>\n<ul>\n<li><a href=\"http:\/\/web.heatsail.com\/wp-content\/uploads\/2021\/05\/CE-EN-HEATSAIL-TECHNICAL-INFORMATION-BEEM.pdf\" target=\"_blank\" rel=\"noopener\">Informaci\u00f3n t\u00e9cnica BEEM<\/a><\/li>\n<li><a href=\"http:\/\/web.heatsail.com\/wp-content\/uploads\/2023\/09\/01092023-HEATSAIL-MANUAL-BEEM.pdf\" target=\"_blank\" rel=\"noopener\">Manual BEEM<\/a><\/li>\n<li><a href=\"http:\/\/web.heatsail.com\/wp-content\/uploads\/2021\/08\/28042020-HEATSAIL-MANUAL-MISTING.pdf\" target=\"_blank\" rel=\"noopener\">Manual MISTING<\/a><\/li>\n<li><a href=\"http:\/\/web.heatsail.com\/wp-content\/uploads\/2022\/02\/2021HeatsailBEEM-ENG.pdf\" target=\"_blank\" rel=\"noopener\">Folleto colecci\u00f3n BEEM<\/a><\/li>\n<\/ul>\n<h4><strong>Colecci\u00f3n GLOW<\/strong><\/h4>\n<p><a tabindex=\"0\">GLOW<\/a><\/p>\n<ul>\n<li>Informaci\u00f3n t\u00e9cnica GLOW<\/li>\n<li><a href=\"http:\/\/web.heatsail.com\/wp-content\/uploads\/2023\/12\/GLOW-MANUAL-12012023.pdf\" target=\"_blank\" rel=\"noopener\">Manual GLOW<\/a><\/li>\n<li><a href=\"http:\/\/web.heatsail.com\/wp-content\/uploads\/2023\/12\/HEATSAIL-GLOW-ACCESSORIES-12012023.pdf\" target=\"_blank\" rel=\"noopener\">Manual accesorios GLOW<\/a><\/li>\n<li><a href=\"http:\/\/web.heatsail.com\/wp-content\/uploads\/2022\/04\/2022HeatsailGLOW-ES-mail.pdf\" target=\"_blank\" rel=\"noopener\">Folleto colecci\u00f3n GLOW<\/a><\/li>\n<\/ul>\n<p>Colecci\u00f3n DISC<\/p>\n<p><a tabindex=\"0\">DISC<\/a><\/p>\n<ul>\n<li><a href=\"http:\/\/web.heatsail.com\/wp-content\/uploads\/2021\/05\/CE-EN-HEATSAIL-TECHNICAL-INFORMATION-DISC.pdf\" target=\"_blank\" rel=\"noopener\">Informaci\u00f3n t\u00e9cnica DISC<\/a><\/li>\n<li><a href=\"http:\/\/web.heatsail.com\/wp-content\/uploads\/2022\/01\/01112022-HEATSAIL-MANUAL-DISC-CE.pdf\" target=\"_blank\" rel=\"noopener\">Manual de instrucciones DISC<\/a><\/li>\n<li><a href=\"http:\/\/web.heatsail.com\/wp-content\/uploads\/2021\/06\/CE-DISC-Wiring-Diagram-05262021.pdf\" target=\"_blank\" rel=\"noopener\">Diagrama de cableado DISC <\/a><\/li>\n<li><a href=\"http:\/\/web.heatsail.com\/wp-content\/uploads\/2021\/05\/2021HeatsailDISC-EN.pdf\" target=\"_blank\" rel=\"noopener\">Folleto colecci\u00f3n DISC<\/a><\/li>\n<\/ul>\n<p><a tabindex=\"0\">DISC colgante<\/a><\/p>\n<ul>\n<li><a href=\"http:\/\/web.heatsail.com\/wp-content\/uploads\/2021\/05\/CE-EN-HEATSAIL-TECHNICAL-INFORMATION-DISC-PT.pdf\" target=\"_blank\" rel=\"noopener\">Informaci\u00f3n t\u00e9cnica DISC colgante<\/a><\/li>\n<li><a href=\"http:\/\/web.heatsail.com\/wp-content\/uploads\/2022\/01\/01112022-HEATSAIL-MANUAL-DISC-PENDANT-CE.pdf\" target=\"_blank\" rel=\"noopener\">Manual de instrucciones DISC colgante<\/a><\/li>\n<li><a href=\"http:\/\/web.heatsail.com\/wp-content\/uploads\/2021\/06\/CE-DOME-Pendant-Wiring-Diagram-05262021.pdf\" target=\"_blank\" rel=\"noopener\">Diagrama de cableado DISC colgante<\/a><\/li>\n<li><a href=\"http:\/\/web.heatsail.com\/wp-content\/uploads\/2021\/05\/2021HeatsailDISC-EN.pdf\" target=\"_blank\" rel=\"noopener\">Folleto colecci\u00f3n DISC<\/a><\/li>\n<\/ul>\n<p>Colecci\u00f3n LEAF<\/p>\n<p><a tabindex=\"0\">LEAF<\/a><\/p>\n<ul>\n<li><a href=\"http:\/\/web.heatsail.com\/wp-content\/uploads\/2023\/02\/CE-EN-HEATSAIL-TECHNICAL-INFORMATION-LEAF.pdf\" target=\"_blank\" rel=\"noopener\">Informaci\u00f3n t\u00e9cnica LEAF<\/a><\/li>\n<li><a href=\"http:\/\/web.heatsail.com\/wp-content\/uploads\/2021\/05\/2021HeatsailLEAF-EN.pdf\" target=\"_blank\" rel=\"noopener\">Folleto colecci\u00f3n LEAF<\/a><\/li>\n<\/ul>\n<p><img fetchpriority=\"high\" decoding=\"async\" src=\"http:\/\/web.heatsail.com\/wp-content\/uploads\/2021\/04\/FourSeasonsChaletMdArbois2-1024x768.jpg\" sizes=\"(max-width: 1024px) 100vw, 1024px\" srcset=\"http:\/\/web.heatsail.com\/wp-content\/uploads\/2021\/04\/FourSeasonsChaletMdArbois2-1024x768.jpg 1024w, http:\/\/web.heatsail.com\/wp-content\/uploads\/2021\/04\/FourSeasonsChaletMdArbois2-300x225.jpg 300w, http:\/\/web.heatsail.com\/wp-content\/uploads\/2021\/04\/FourSeasonsChaletMdArbois2-768x576.jpg 768w, http:\/\/web.heatsail.com\/wp-content\/uploads\/2021\/04\/FourSeasonsChaletMdArbois2-1536x1152.jpg 1536w, http:\/\/web.heatsail.com\/wp-content\/uploads\/2021\/04\/FourSeasonsChaletMdArbois2-2048x1536.jpg 2048w\" alt=\"\" width=\"1024\" height=\"768\" \/><br \/>\n<img decoding=\"async\" src=\"http:\/\/web.heatsail.com\/wp-content\/uploads\/2021\/07\/DISC-Mediterranean-Garden1-1024x768.jpg\" sizes=\"(max-width: 1024px) 100vw, 1024px\" srcset=\"http:\/\/web.heatsail.com\/wp-content\/uploads\/2021\/07\/DISC-Mediterranean-Garden1-1024x768.jpg 1024w, http:\/\/web.heatsail.com\/wp-content\/uploads\/2021\/07\/DISC-Mediterranean-Garden1-300x225.jpg 300w, http:\/\/web.heatsail.com\/wp-content\/uploads\/2021\/07\/DISC-Mediterranean-Garden1-768x576.jpg 768w, http:\/\/web.heatsail.com\/wp-content\/uploads\/2021\/07\/DISC-Mediterranean-Garden1.jpg 1060w\" alt=\"\" width=\"1024\" height=\"768\" \/><br \/>\n<img decoding=\"async\" src=\"http:\/\/web.heatsail.com\/wp-content\/uploads\/2021\/04\/Gartenfotos3-1024x765.jpg\" sizes=\"(max-width: 1024px) 100vw, 1024px\" srcset=\"http:\/\/web.heatsail.com\/wp-content\/uploads\/2021\/04\/Gartenfotos3-1024x765.jpg 1024w, http:\/\/web.heatsail.com\/wp-content\/uploads\/2021\/04\/Gartenfotos3-300x224.jpg 300w, http:\/\/web.heatsail.com\/wp-content\/uploads\/2021\/04\/Gartenfotos3-768x573.jpg 768w, http:\/\/web.heatsail.com\/wp-content\/uploads\/2021\/04\/Gartenfotos3-1536x1147.jpg 1536w, http:\/\/web.heatsail.com\/wp-content\/uploads\/2021\/04\/Gartenfotos3.jpg 1768w\" alt=\"\" width=\"1024\" height=\"765\" \/><br \/>\n<img loading=\"lazy\" decoding=\"async\" src=\"http:\/\/web.heatsail.com\/wp-content\/uploads\/2021\/04\/IMG-0556-1024x768.jpg\" sizes=\"(max-width: 1024px) 100vw, 1024px\" srcset=\"http:\/\/web.heatsail.com\/wp-content\/uploads\/2021\/04\/IMG-0556-1024x768.jpg 1024w, http:\/\/web.heatsail.com\/wp-content\/uploads\/2021\/04\/IMG-0556-300x225.jpg 300w, http:\/\/web.heatsail.com\/wp-content\/uploads\/2021\/04\/IMG-0556-768x576.jpg 768w, http:\/\/web.heatsail.com\/wp-content\/uploads\/2021\/04\/IMG-0556-1536x1152.jpg 1536w, http:\/\/web.heatsail.com\/wp-content\/uploads\/2021\/04\/IMG-0556-2048x1536.jpg 2048w, http:\/\/web.heatsail.com\/wp-content\/uploads\/2021\/04\/IMG-0556-scaled-e1627344538960.jpg 1280w\" alt=\"\" width=\"1024\" height=\"768\" \/><\/p>\n","protected":false},"excerpt":{"rendered":"<p>Documentaci\u00f3n e informaci\u00f3n t\u00e9cnica Seleccione el producto que le interesa para encontrar m\u00e1s documentaci\u00f3n e informaci\u00f3n t\u00e9cnica. Si a\u00fan tiene preguntas, estaremos encantados de ayudarle. North American customers click here Colecci\u00f3n DOME DOME Informaci\u00f3n t\u00e9cnica DOME Manual de instrucciones DOME Diagrama de cableado DOME Diagrama de cableado DOME con m\u00fasica Colores RAL disponibles Folleto colecci\u00f3n [&hellip;]<\/p>\n","protected":false},"author":1,"featured_media":0,"parent":0,"menu_order":0,"comment_status":"closed","ping_status":"closed","template":"elementor_header_footer","meta":{"footnotes":""},"class_list":["post-6044","page","type-page","status-publish","hentry"],"acf":[],"yoast_head":"<!-- This site is optimized with the Yoast SEO plugin v21.7 - https:\/\/yoast.com\/wordpress\/plugins\/seo\/ -->\n<title>Documentaci\u00f3n t\u00e9cnica - Alargue sus mejores momentos<\/title>\n<meta name=\"description\" content=\"\u00bfBusca m\u00e1s documentaci\u00f3n t\u00e9cnica sobre nuestros productos? Puede encontrar nuestros folletos, manuales y mucho m\u00e1s en esta p\u00e1gina.\" \/>\n<meta name=\"robots\" content=\"index, follow, max-snippet:-1, max-image-preview:large, max-video-preview:-1\" \/>\n<link rel=\"canonical\" href=\"https:\/\/web.heatsail.com\/es\/especificaciones-tecnicas-y-documentacion\/\" \/>\n<meta property=\"og:locale\" content=\"es_ES\" \/>\n<meta property=\"og:type\" content=\"article\" \/>\n<meta property=\"og:title\" content=\"Documentaci\u00f3n t\u00e9cnica - Alargue sus mejores momentos\" \/>\n<meta property=\"og:description\" content=\"\u00bfBusca m\u00e1s documentaci\u00f3n t\u00e9cnica sobre nuestros productos? Puede encontrar nuestros folletos, manuales y mucho m\u00e1s en esta p\u00e1gina.\" \/>\n<meta property=\"og:url\" content=\"https:\/\/web.heatsail.com\/es\/especificaciones-tecnicas-y-documentacion\/\" \/>\n<meta property=\"og:site_name\" content=\"Heatsail\" \/>\n<meta property=\"article:modified_time\" content=\"2024-05-15T17:17:26+00:00\" \/>\n<meta property=\"og:image\" content=\"http:\/\/web.heatsail.com\/wp-content\/uploads\/2021\/04\/FourSeasonsChaletMdArbois2-1024x768.jpg\" \/>\n<meta name=\"twitter:card\" content=\"summary_large_image\" \/>\n<meta name=\"twitter:label1\" content=\"Tiempo de lectura\" \/>\n\t<meta name=\"twitter:data1\" content=\"1 minuto\" \/>\n<script type=\"application\/ld+json\" class=\"yoast-schema-graph\">{\"@context\":\"https:\/\/schema.org\",\"@graph\":[{\"@type\":\"WebPage\",\"@id\":\"https:\/\/web.heatsail.com\/es\/especificaciones-tecnicas-y-documentacion\/\",\"url\":\"https:\/\/web.heatsail.com\/es\/especificaciones-tecnicas-y-documentacion\/\",\"name\":\"Documentaci\u00f3n t\u00e9cnica - Alargue sus mejores momentos\",\"isPartOf\":{\"@id\":\"https:\/\/web.heatsail.com\/es\/#website\"},\"datePublished\":\"2021-07-20T16:09:21+00:00\",\"dateModified\":\"2024-05-15T17:17:26+00:00\",\"description\":\"\u00bfBusca m\u00e1s documentaci\u00f3n t\u00e9cnica sobre nuestros productos? Puede encontrar nuestros folletos, manuales y mucho m\u00e1s en esta p\u00e1gina.\",\"breadcrumb\":{\"@id\":\"https:\/\/web.heatsail.com\/es\/especificaciones-tecnicas-y-documentacion\/#breadcrumb\"},\"inLanguage\":\"es\",\"potentialAction\":[{\"@type\":\"ReadAction\",\"target\":[\"https:\/\/web.heatsail.com\/es\/especificaciones-tecnicas-y-documentacion\/\"]}]},{\"@type\":\"BreadcrumbList\",\"@id\":\"https:\/\/web.heatsail.com\/es\/especificaciones-tecnicas-y-documentacion\/#breadcrumb\",\"itemListElement\":[{\"@type\":\"ListItem\",\"position\":1,\"name\":\"Home\",\"item\":\"https:\/\/web.heatsail.com\/es\/\"},{\"@type\":\"ListItem\",\"position\":2,\"name\":\"Documentaci\u00f3n e informaci\u00f3n t\u00e9cnica\"}]},{\"@type\":\"WebSite\",\"@id\":\"https:\/\/web.heatsail.com\/es\/#website\",\"url\":\"https:\/\/web.heatsail.com\/es\/\",\"name\":\"Heatsail\",\"description\":\"Extend your great moments\",\"publisher\":{\"@id\":\"https:\/\/web.heatsail.com\/es\/#organization\"},\"potentialAction\":[{\"@type\":\"SearchAction\",\"target\":{\"@type\":\"EntryPoint\",\"urlTemplate\":\"https:\/\/web.heatsail.com\/es\/?s={search_term_string}\"},\"query-input\":\"required name=search_term_string\"}],\"inLanguage\":\"es\"},{\"@type\":\"Organization\",\"@id\":\"https:\/\/web.heatsail.com\/es\/#organization\",\"name\":\"Heatsail\",\"url\":\"https:\/\/web.heatsail.com\/es\/\",\"logo\":{\"@type\":\"ImageObject\",\"inLanguage\":\"es\",\"@id\":\"https:\/\/web.heatsail.com\/es\/#\/schema\/logo\/image\/\",\"url\":\"http:\/\/web.heatsail.com\/wp-content\/uploads\/2021\/04\/Heatsail-LOGO_horizontal-scaled.jpg\",\"contentUrl\":\"http:\/\/web.heatsail.com\/wp-content\/uploads\/2021\/04\/Heatsail-LOGO_horizontal-scaled.jpg\",\"width\":2560,\"height\":506,\"caption\":\"Heatsail\"},\"image\":{\"@id\":\"https:\/\/web.heatsail.com\/es\/#\/schema\/logo\/image\/\"}}]}<\/script>\n<!-- \/ Yoast SEO plugin. -->","yoast_head_json":{"title":"Documentaci\u00f3n t\u00e9cnica - Alargue sus mejores momentos","description":"\u00bfBusca m\u00e1s documentaci\u00f3n t\u00e9cnica sobre nuestros productos? Puede encontrar nuestros folletos, manuales y mucho m\u00e1s en esta p\u00e1gina.","robots":{"index":"index","follow":"follow","max-snippet":"max-snippet:-1","max-image-preview":"max-image-preview:large","max-video-preview":"max-video-preview:-1"},"canonical":"https:\/\/web.heatsail.com\/es\/especificaciones-tecnicas-y-documentacion\/","og_locale":"es_ES","og_type":"article","og_title":"Documentaci\u00f3n t\u00e9cnica - Alargue sus mejores momentos","og_description":"\u00bfBusca m\u00e1s documentaci\u00f3n t\u00e9cnica sobre nuestros productos? Puede encontrar nuestros folletos, manuales y mucho m\u00e1s en esta p\u00e1gina.","og_url":"https:\/\/web.heatsail.com\/es\/especificaciones-tecnicas-y-documentacion\/","og_site_name":"Heatsail","article_modified_time":"2024-05-15T17:17:26+00:00","og_image":[{"url":"http:\/\/web.heatsail.com\/wp-content\/uploads\/2021\/04\/FourSeasonsChaletMdArbois2-1024x768.jpg"}],"twitter_card":"summary_large_image","twitter_misc":{"Tiempo de lectura":"1 minuto"},"schema":{"@context":"https:\/\/schema.org","@graph":[{"@type":"WebPage","@id":"https:\/\/web.heatsail.com\/es\/especificaciones-tecnicas-y-documentacion\/","url":"https:\/\/web.heatsail.com\/es\/especificaciones-tecnicas-y-documentacion\/","name":"Documentaci\u00f3n t\u00e9cnica - Alargue sus mejores momentos","isPartOf":{"@id":"https:\/\/web.heatsail.com\/es\/#website"},"datePublished":"2021-07-20T16:09:21+00:00","dateModified":"2024-05-15T17:17:26+00:00","description":"\u00bfBusca m\u00e1s documentaci\u00f3n t\u00e9cnica sobre nuestros productos? Puede encontrar nuestros folletos, manuales y mucho m\u00e1s en esta p\u00e1gina.","breadcrumb":{"@id":"https:\/\/web.heatsail.com\/es\/especificaciones-tecnicas-y-documentacion\/#breadcrumb"},"inLanguage":"es","potentialAction":[{"@type":"ReadAction","target":["https:\/\/web.heatsail.com\/es\/especificaciones-tecnicas-y-documentacion\/"]}]},{"@type":"BreadcrumbList","@id":"https:\/\/web.heatsail.com\/es\/especificaciones-tecnicas-y-documentacion\/#breadcrumb","itemListElement":[{"@type":"ListItem","position":1,"name":"Home","item":"https:\/\/web.heatsail.com\/es\/"},{"@type":"ListItem","position":2,"name":"Documentaci\u00f3n e informaci\u00f3n t\u00e9cnica"}]},{"@type":"WebSite","@id":"https:\/\/web.heatsail.com\/es\/#website","url":"https:\/\/web.heatsail.com\/es\/","name":"Heatsail","description":"Extend your great moments","publisher":{"@id":"https:\/\/web.heatsail.com\/es\/#organization"},"potentialAction":[{"@type":"SearchAction","target":{"@type":"EntryPoint","urlTemplate":"https:\/\/web.heatsail.com\/es\/?s={search_term_string}"},"query-input":"required name=search_term_string"}],"inLanguage":"es"},{"@type":"Organization","@id":"https:\/\/web.heatsail.com\/es\/#organization","name":"Heatsail","url":"https:\/\/web.heatsail.com\/es\/","logo":{"@type":"ImageObject","inLanguage":"es","@id":"https:\/\/web.heatsail.com\/es\/#\/schema\/logo\/image\/","url":"http:\/\/web.heatsail.com\/wp-content\/uploads\/2021\/04\/Heatsail-LOGO_horizontal-scaled.jpg","contentUrl":"http:\/\/web.heatsail.com\/wp-content\/uploads\/2021\/04\/Heatsail-LOGO_horizontal-scaled.jpg","width":2560,"height":506,"caption":"Heatsail"},"image":{"@id":"https:\/\/web.heatsail.com\/es\/#\/schema\/logo\/image\/"}}]}},"_links":{"self":[{"href":"https:\/\/web.heatsail.com\/es\/wp-json\/wp\/v2\/pages\/6044","targetHints":{"allow":["GET"]}}],"collection":[{"href":"https:\/\/web.heatsail.com\/es\/wp-json\/wp\/v2\/pages"}],"about":[{"href":"https:\/\/web.heatsail.com\/es\/wp-json\/wp\/v2\/types\/page"}],"author":[{"embeddable":true,"href":"https:\/\/web.heatsail.com\/es\/wp-json\/wp\/v2\/users\/1"}],"replies":[{"embeddable":true,"href":"https:\/\/web.heatsail.com\/es\/wp-json\/wp\/v2\/comments?post=6044"}],"version-history":[{"count":25,"href":"https:\/\/web.heatsail.com\/es\/wp-json\/wp\/v2\/pages\/6044\/revisions"}],"predecessor-version":[{"id":11547,"href":"https:\/\/web.heatsail.com\/es\/wp-json\/wp\/v2\/pages\/6044\/revisions\/11547"}],"wp:attachment":[{"href":"https:\/\/web.heatsail.com\/es\/wp-json\/wp\/v2\/media?parent=6044"}],"curies":[{"name":"wp","href":"https:\/\/api.w.org\/{rel}","templated":true}]}}