{"id":4966,"date":"2021-05-21T22:40:06","date_gmt":"2021-05-21T22:40:06","guid":{"rendered":"https:\/\/heatsail.com\/information-technique-documentation\/"},"modified":"2024-05-15T17:16:30","modified_gmt":"2024-05-15T17:16:30","slug":"information-technique-documentation","status":"publish","type":"page","link":"https:\/\/web.heatsail.com\/fr\/information-technique-documentation\/","title":{"rendered":"Documentation et informations techniques"},"content":{"rendered":"<h1>Documentation et informations techniques<\/h1>\n<p>S\u00e9lectionnez le produit qui vous int\u00e9resse pour trouver plus de documentation et d&rsquo;informations techniques. Si vous avez plus des questions, nous serons ravis de vous aider.<\/p>\n<p><a href=\"http:\/\/web.heatsail.com\/fr\/information-technique-documentation\/\"><br \/>\nNorth American customers click here<br \/>\n<\/a><\/p>\n<h4><strong>Collection DOME<\/strong><\/h4>\n<p><a tabindex=\"0\">DOME<\/a><\/p>\n<ul>\n<li><a href=\"http:\/\/web.heatsail.com\/wp-content\/uploads\/2021\/05\/CE-FR-HEATSAIL-TECHNICAL-INFORMATION-DOME.pdf\" target=\"_blank\" rel=\"noopener\">Information technique DOME (Fran\u00e7ais)<\/a><\/li>\n<li><a href=\"http:\/\/web.heatsail.com\/wp-content\/uploads\/2021\/11\/UL-FR-HEATSAIL-TECHNICAL-INFORMATION-DOME.pdf\" target=\"_blank\" rel=\"noopener\">Information technique DOME (Am\u00e9rique du Nord)<\/a><\/li>\n<li><a href=\"http:\/\/web.heatsail.com\/wp-content\/uploads\/2022\/01\/01112022-HEATSAIL-MANUAL-DOME.pdf\" target=\"_blank\" rel=\"noopener\">Mode d\u2019emploi DOME (Fran\u00e7ais)<\/a><\/li>\n<li><a href=\"http:\/\/web.heatsail.com\/wp-content\/uploads\/2022\/01\/01112022-HEATSAIL-MANUAL-DOME-UCM.pdf\" target=\"_blank\" rel=\"noopener\">Mode d\u2019emploi DOME (Am\u00e9rique du Nord)<\/a><\/li>\n<li><a href=\"http:\/\/web.heatsail.com\/wp-content\/uploads\/2021\/06\/CE-DOME-Wiring-Diagram-05262021-2.pdf\" target=\"_blank\" rel=\"noopener\">Sch\u00e9ma \u00e9lectrique DOME (Fran\u00e7ais)<\/a><\/li>\n<li><a href=\"http:\/\/web.heatsail.com\/wp-content\/uploads\/2021\/06\/CE-DOME-Wiring-Diagram-with-music-05262021-1.pdf\" target=\"_blank\" rel=\"noopener\">Sch\u00e9ma \u00e9lectrique DOME avec musique (Fran\u00e7ais)<\/a><\/li>\n<li><a href=\"http:\/\/web.heatsail.com\/wp-content\/uploads\/2021\/06\/UL-DOME-DISC-Wiring-Diagram-01012020-1.pdf\" target=\"_blank\" rel=\"noopener\">Sch\u00e9ma \u00e9lectrique DOME (Am\u00e9rique du Nord)<\/a><\/li>\n<li><a href=\"http:\/\/web.heatsail.com\/wp-content\/uploads\/2022\/04\/RAL-COLORS.pdf\" target=\"_blank\" rel=\"noopener\">Couleurs RAL disponibles<\/a><\/li>\n<li><a href=\"http:\/\/web.heatsail.com\/wp-content\/uploads\/2022\/02\/2021HeatsailDOME-FR.pdf\" target=\"_blank\" rel=\"noopener\">Brochure collection DOME (Fran\u00e7ais)<\/a><\/li>\n<li><a href=\"http:\/\/web.heatsail.com\/wp-content\/uploads\/2022\/02\/2021HeatsailDOME-UCM.pdf\" target=\"_blank\" rel=\"noopener\">Brochure collection DOME (Am\u00e9rique du Nord)<\/a><\/li>\n<\/ul>\n<p><a tabindex=\"0\">DOME suspendu<\/a><\/p>\n<ul>\n<li><a href=\"http:\/\/web.heatsail.com\/wp-content\/uploads\/2023\/12\/CE-FR-HEATSAIL-TECHNICAL-INFORMATION-DOME-PENDANT.pdf\" target=\"_blank\" rel=\"noopener\">Information technique DOME suspendu (Fran\u00e7ais)<\/a><\/li>\n<li><a href=\"http:\/\/web.heatsail.com\/wp-content\/uploads\/2021\/05\/UL-FR-HEATSAIL-TECHNICAL-INFORMATION-DOME-PT.pdf\" target=\"_blank\" rel=\"noopener\">Information technique DOME suspendu (Am\u00e9rique du Nord)<\/a><\/li>\n<li><a href=\"http:\/\/web.heatsail.com\/wp-content\/uploads\/2022\/01\/01112022-HEATSAIL-MANUAL-DOME-PENDANT.pdf\">Mode d\u2019emploi DOME suspendu (Fran\u00e7ais)<\/a><\/li>\n<li><a href=\"http:\/\/web.heatsail.com\/wp-content\/uploads\/2022\/01\/01112022-HEATSAIL-MANUAL-DOME-PENDANT-UCM.pdf\">Mode d\u2019emploi DOME suspendu (Am\u00e9rique du Nord)<\/a><\/li>\n<li><a href=\"http:\/\/web.heatsail.com\/wp-content\/uploads\/2021\/06\/CE-DOME-Pendant-Wiring-Diagram-05262021.pdf\" target=\"_blank\" rel=\"noopener\">Sch\u00e9ma \u00e9lectrique DOME suspendu (Fran\u00e7ais)<\/a><\/li>\n<li><a href=\"http:\/\/web.heatsail.com\/wp-content\/uploads\/2021\/06\/UL-DOME-Pendant-Wiring-Diagram-05262021.pdf\" target=\"_blank\" rel=\"noopener\">Sch\u00e9ma \u00e9lectrique DOME suspendu (Am\u00e9rique du Nord)<\/a><\/li>\n<li><a href=\"http:\/\/web.heatsail.com\/wp-content\/uploads\/2022\/04\/RAL-COLORS.pdf\" target=\"_blank\" rel=\"noopener\">Couleurs RAL disponibles<\/a><\/li>\n<li><a href=\"http:\/\/web.heatsail.com\/wp-content\/uploads\/2022\/02\/2021HeatsailDOME-FR.pdf\" target=\"_blank\" rel=\"noopener\">Brochure collection DOME (Fran\u00e7ais)<\/a><\/li>\n<li><a href=\"http:\/\/web.heatsail.com\/wp-content\/uploads\/2022\/02\/2021HeatsailDOME-UCM.pdf\" target=\"_blank\" rel=\"noopener\">Brochure collection DOME (Am\u00e9rique du Nord)<\/a><\/li>\n<\/ul>\n<p><a tabindex=\"0\">DOME support arc<\/a><\/p>\n<ul>\n<li>Information technique DOME support arc (Fran\u00e7ais)<\/li>\n<li>Information technique DOME support arc (Am\u00e9rique du Nord)<\/li>\n<li><a href=\"http:\/\/web.heatsail.com\/wp-content\/uploads\/2022\/06\/21062022-HEATSAIL-MANUAL-DOME-BOWBRACKET.pdf\">Mode d\u2019emploi DOME support arc (Fran\u00e7ais)<\/a><\/li>\n<li><a href=\"http:\/\/web.heatsail.com\/wp-content\/uploads\/2022\/06\/21062022-HEATSAIL-MANUAL-DOME-BOWBRACKET-UCM.pdf\">Mode d\u2019emploi DOME support arc (Am\u00e9rique du Nord)<\/a><\/li>\n<li>Sch\u00e9ma \u00e9lectrique DOME support arc (Fran\u00e7ais)<\/li>\n<li><a href=\"http:\/\/web.heatsail.com\/wp-content\/uploads\/2022\/06\/DOME-DISC-DOME-BOWBRACKET-UCM.pdf\" target=\"_blank\" rel=\"noopener\">Sch\u00e9ma \u00e9lectrique DOME support arc (Am\u00e9rique du Nord)<\/a><\/li>\n<li><a href=\"http:\/\/web.heatsail.com\/wp-content\/uploads\/2022\/04\/RAL-COLORS.pdf\" target=\"_blank\" rel=\"noopener\">Couleurs RAL disponibles<\/a><\/li>\n<li><a href=\"http:\/\/web.heatsail.com\/wp-content\/uploads\/2022\/02\/2021HeatsailDOME-FR.pdf\" target=\"_blank\" rel=\"noopener\">Brochure collection DOME (Fran\u00e7ais)<\/a><\/li>\n<li><a href=\"http:\/\/web.heatsail.com\/wp-content\/uploads\/2022\/02\/2021HeatsailDOME-UCM.pdf\" target=\"_blank\" rel=\"noopener\">Brochure collection DOME (Am\u00e9rique du Nord)<\/a><\/li>\n<\/ul>\n<h4><strong>Collection BEEM<\/strong><\/h4>\n<p><a tabindex=\"0\">BEEM <\/a><\/p>\n<ul>\n<li><a href=\"http:\/\/web.heatsail.com\/wp-content\/uploads\/2021\/05\/CE-FR-HEATSAIL-TECHNICAL-INFORMATION-BEEM.pdf\" target=\"_blank\" rel=\"noopener\">Information technique BEEM (Fran\u00e7ais)<\/a><\/li>\n<li><a href=\"http:\/\/web.heatsail.com\/wp-content\/uploads\/2021\/05\/UL-FR-HEATSAIL-TECHNICAL-INFORMATION-BEEM.pdf\" target=\"_blank\" rel=\"noopener\">Information technique BEEM (Am\u00e9rique du Nord)<\/a><\/li>\n<li><a href=\"http:\/\/web.heatsail.com\/wp-content\/uploads\/2023\/09\/01092023-HEATSAIL-MANUAL-BEEM.pdf\" target=\"_blank\" rel=\"noopener\">Mode d\u2019emploi BEEM (Fran\u00e7ais)<\/a><\/li>\n<li><a href=\"http:\/\/web.heatsail.com\/wp-content\/uploads\/2021\/08\/28042020-HEATSAIL-MANUAL-MISTING.pdf\" target=\"_blank\" rel=\"noopener\">Mode d\u2019emploi MISTING (Fran\u00e7ais)<\/a><\/li>\n<li><a href=\"http:\/\/web.heatsail.com\/wp-content\/uploads\/2021\/08\/11092020-HEATSAIL-BEEM-UCM.pdf\" target=\"_blank\" rel=\"noopener\">Mode d\u2019emploi BEEM (Am\u00e9rique du Nord)<\/a><\/li>\n<li><a href=\"http:\/\/web.heatsail.com\/wp-content\/uploads\/2022\/02\/2021HeatsailBEEM-FR.pdf\" target=\"_blank\" rel=\"noopener\">Brochure collection BEEM (Fran\u00e7ais)<\/a><\/li>\n<li><a href=\"http:\/\/web.heatsail.com\/wp-content\/uploads\/2022\/05\/UL-HEATSAIL-TECHNICAL-INFORMATION-BEEM-MISTING-2.pdf\" target=\"_blank\" rel=\"noopener\">Brochure collection BEEM (Am\u00e9rique du Nord)<\/a><\/li>\n<\/ul>\n<h4><strong>Collection\u00a0<\/strong><strong>GLOW<\/strong><\/h4>\n<p><a tabindex=\"0\">GLOW<\/a><\/p>\n<ul>\n<li>Information technique GLOW (Fran\u00e7ais)<\/li>\n<li>Information technique GLOW (Am\u00e9rique du Nord)<\/li>\n<li><a href=\"http:\/\/web.heatsail.com\/wp-content\/uploads\/2023\/12\/GLOW-MANUAL-12012023.pdf\" target=\"_blank\" rel=\"noopener\">Mode d\u2019emploi GLOW (Fran\u00e7ais)<\/a><\/li>\n<li><a href=\"http:\/\/web.heatsail.com\/wp-content\/uploads\/2023\/12\/HEATSAIL-GLOW-ACCESSORIES-12012023.pdf\" target=\"_blank\" rel=\"noopener\">Mode d\u2019emploi des accessoires GLOW (Fran\u00e7ais)<\/a><\/li>\n<li>Mode d\u2019emploi GLOW (Am\u00e9rique du Nord)<\/li>\n<li><a href=\"http:\/\/web.heatsail.com\/wp-content\/uploads\/2022\/04\/2022HeatsailGLOW-FR-mail.pdf\" target=\"_blank\" rel=\"noopener\">Brochure collection GLOW (Fran\u00e7ais)<\/a><\/li>\n<li><a href=\"http:\/\/web.heatsail.com\/wp-content\/uploads\/2022\/04\/2022HeatsailGLOW-UCM-mail.pdf\" target=\"_blank\" rel=\"noopener\">Brochure collection GLOW (Am\u00e9rique du Nord)<\/a><\/li>\n<\/ul>\n<h4><strong>Collection DISC<\/strong><\/h4>\n<p><a tabindex=\"0\">DISC<\/a><\/p>\n<ul>\n<li><a href=\"http:\/\/web.heatsail.com\/wp-content\/uploads\/2021\/05\/CE-FR-HEATSAIL-TECHNICAL-INFORMATION-DISC.pdf\" target=\"_blank\" rel=\"noopener\">Information technique DISC (Fran\u00e7ais)<\/a><\/li>\n<li><a href=\"http:\/\/web.heatsail.com\/wp-content\/uploads\/2021\/05\/UL-FR-HEATSAIL-TECHNICAL-INFORMATION-DISC.pdf\" target=\"_blank\" rel=\"noopener\">Information technique DISC (Am\u00e9rique du Nord)<\/a><\/li>\n<li><a href=\"http:\/\/web.heatsail.com\/wp-content\/uploads\/2022\/01\/01112022-HEATSAIL-MANUAL-DISC-CE.pdf\" target=\"_blank\" rel=\"noopener\">Mode d\u2019emploi DISC (Fran\u00e7ais)<\/a><\/li>\n<li><a href=\"http:\/\/web.heatsail.com\/wp-content\/uploads\/2022\/01\/01112022-HEATSAIL-MANUAL-DISC-UCM.pdf\" target=\"_blank\" rel=\"noopener\">Mode d\u2019emploi DISC (Am\u00e9rique du Nord)<\/a><\/li>\n<li><a href=\"http:\/\/web.heatsail.com\/wp-content\/uploads\/2021\/06\/CE-DISC-Wiring-Diagram-05262021.pdf\" target=\"_blank\" rel=\"noopener\">Sch\u00e9ma \u00e9lectrique DISC (Fran\u00e7ais)<\/a><\/li>\n<li><a href=\"http:\/\/web.heatsail.com\/wp-content\/uploads\/2021\/06\/UL-DOME-DISC-Wiring-Diagram-01012020-1.pdf\" target=\"_blank\" rel=\"noopener\">Sch\u00e9ma \u00e9lectrique DISC (Am\u00e9rique du Nord)<\/a><\/li>\n<li><a href=\"https:\/\/www.youtube.com\/watch?v=f6VF6m-S9mY&amp;ab_channel=Heatsail\" target=\"_blank\" rel=\"noopener\">Vid\u00e9o d\u2019installation DISC (Am\u00e9rique du Nord)<\/a><\/li>\n<li><a href=\"http:\/\/web.heatsail.com\/wp-content\/uploads\/2021\/05\/2021HeatsailDISC-EN.pdf\" target=\"_blank\" rel=\"noopener\">Brochure collection DISC<\/a><\/li>\n<\/ul>\n<p><a tabindex=\"0\">DISC suspendu<\/a><\/p>\n<ul>\n<li><a href=\"http:\/\/web.heatsail.com\/wp-content\/uploads\/2021\/05\/CE-FR-HEATSAIL-TECHNICAL-INFORMATION-DISC-PT.pdf\" target=\"_blank\" rel=\"noopener\">Information technique DISC suspendu (Fran\u00e7ais)<\/a><\/li>\n<li><a href=\"http:\/\/web.heatsail.com\/wp-content\/uploads\/2021\/05\/UL-FR-HEATSAIL-TECHNICAL-INFORMATION-DISC-PT.pdf\" target=\"_blank\" rel=\"noopener\">Information technique DISC suspendu (Am\u00e9rique du Nord)<\/a><\/li>\n<li><a href=\"http:\/\/web.heatsail.com\/wp-content\/uploads\/2022\/01\/01112022-HEATSAIL-MANUAL-DISC-PENDANT-CE.pdf\" target=\"_blank\" rel=\"noopener\">Mode d\u2019emploi DISC suspendu (Europe)<\/a><\/li>\n<li><a href=\"http:\/\/web.heatsail.com\/wp-content\/uploads\/2022\/01\/01112022-HEATSAIL-MANUAL-DISC-PENDANT-UCM.pdf\" target=\"_blank\" rel=\"noopener\">Mode d\u2019emploi DISC suspendu (Am\u00e9rique du Nord)<\/a><\/li>\n<li><a href=\"http:\/\/web.heatsail.com\/wp-content\/uploads\/2021\/06\/CE-DOME-Pendant-Wiring-Diagram-05262021.pdf\" target=\"_blank\" rel=\"noopener\">Sch\u00e9ma \u00e9lectrique DISC suspendu (Fran\u00e7ais)<\/a><\/li>\n<li><a href=\"http:\/\/web.heatsail.com\/wp-content\/uploads\/2022\/06\/DOME-DISC-DOME-BOWBRACKET-UCM.pdf\" target=\"_blank\" rel=\"noopener\">Sch\u00e9ma \u00e9lectrique DISC suspendu (Am\u00e9rique du Nord)<\/a><\/li>\n<li><a href=\"http:\/\/web.heatsail.com\/wp-content\/uploads\/2021\/05\/2021HeatsailDISC-EN.pdf\" target=\"_blank\" rel=\"noopener\">Brochure collection DISC (Fran\u00e7ais)<\/a><\/li>\n<\/ul>\n<h4><strong>Collection LEAF<\/strong><\/h4>\n<p><a tabindex=\"0\">LEAF<\/a><\/p>\n<ul>\n<li><a href=\"http:\/\/web.heatsail.com\/wp-content\/uploads\/2023\/02\/CE-FR-HEATSAIL-TECHNICAL-INFORMATION-LEAF.pdf\" target=\"_blank\" rel=\"noopener\">Information technique LEAF (Fran\u00e7ais)<\/a><\/li>\n<li>Information technique LEAF (Am\u00e9rique du Nord)<\/li>\n<li><a href=\"http:\/\/web.heatsail.com\/wp-content\/uploads\/2021\/08\/2021HeatsailLEAF-FR-mail.pdf\" target=\"_blank\" rel=\"noopener\">Brochure collection LEAF<\/a><\/li>\n<\/ul>\n<p><img fetchpriority=\"high\" decoding=\"async\" src=\"http:\/\/web.heatsail.com\/wp-content\/uploads\/2021\/04\/FourSeasonsChaletMdArbois2-1024x768.jpg\" sizes=\"(max-width: 1024px) 100vw, 1024px\" srcset=\"http:\/\/web.heatsail.com\/wp-content\/uploads\/2021\/04\/FourSeasonsChaletMdArbois2-1024x768.jpg 1024w, http:\/\/web.heatsail.com\/wp-content\/uploads\/2021\/04\/FourSeasonsChaletMdArbois2-300x225.jpg 300w, http:\/\/web.heatsail.com\/wp-content\/uploads\/2021\/04\/FourSeasonsChaletMdArbois2-768x576.jpg 768w, http:\/\/web.heatsail.com\/wp-content\/uploads\/2021\/04\/FourSeasonsChaletMdArbois2-1536x1152.jpg 1536w, http:\/\/web.heatsail.com\/wp-content\/uploads\/2021\/04\/FourSeasonsChaletMdArbois2-2048x1536.jpg 2048w\" alt=\"\" width=\"1024\" height=\"768\" \/><br \/>\n<img decoding=\"async\" src=\"http:\/\/web.heatsail.com\/wp-content\/uploads\/2021\/07\/DISC-Mediterranean-Garden1-1024x768.jpg\" sizes=\"(max-width: 1024px) 100vw, 1024px\" srcset=\"http:\/\/web.heatsail.com\/wp-content\/uploads\/2021\/07\/DISC-Mediterranean-Garden1-1024x768.jpg 1024w, http:\/\/web.heatsail.com\/wp-content\/uploads\/2021\/07\/DISC-Mediterranean-Garden1-300x225.jpg 300w, http:\/\/web.heatsail.com\/wp-content\/uploads\/2021\/07\/DISC-Mediterranean-Garden1-768x576.jpg 768w, http:\/\/web.heatsail.com\/wp-content\/uploads\/2021\/07\/DISC-Mediterranean-Garden1.jpg 1060w\" alt=\"\" width=\"1024\" height=\"768\" \/><br \/>\n<img decoding=\"async\" src=\"http:\/\/web.heatsail.com\/wp-content\/uploads\/2021\/04\/Gartenfotos3-1024x765.jpg\" sizes=\"(max-width: 1024px) 100vw, 1024px\" srcset=\"http:\/\/web.heatsail.com\/wp-content\/uploads\/2021\/04\/Gartenfotos3-1024x765.jpg 1024w, http:\/\/web.heatsail.com\/wp-content\/uploads\/2021\/04\/Gartenfotos3-300x224.jpg 300w, http:\/\/web.heatsail.com\/wp-content\/uploads\/2021\/04\/Gartenfotos3-768x573.jpg 768w, http:\/\/web.heatsail.com\/wp-content\/uploads\/2021\/04\/Gartenfotos3-1536x1147.jpg 1536w, http:\/\/web.heatsail.com\/wp-content\/uploads\/2021\/04\/Gartenfotos3.jpg 1768w\" alt=\"\" width=\"1024\" height=\"765\" \/><br \/>\n<img loading=\"lazy\" decoding=\"async\" src=\"http:\/\/web.heatsail.com\/wp-content\/uploads\/2021\/04\/IMG-0556-1024x768.jpg\" sizes=\"(max-width: 1024px) 100vw, 1024px\" srcset=\"http:\/\/web.heatsail.com\/wp-content\/uploads\/2021\/04\/IMG-0556-1024x768.jpg 1024w, http:\/\/web.heatsail.com\/wp-content\/uploads\/2021\/04\/IMG-0556-300x225.jpg 300w, http:\/\/web.heatsail.com\/wp-content\/uploads\/2021\/04\/IMG-0556-768x576.jpg 768w, http:\/\/web.heatsail.com\/wp-content\/uploads\/2021\/04\/IMG-0556-1536x1152.jpg 1536w, http:\/\/web.heatsail.com\/wp-content\/uploads\/2021\/04\/IMG-0556-2048x1536.jpg 2048w, http:\/\/web.heatsail.com\/wp-content\/uploads\/2021\/04\/IMG-0556-scaled-e1627344538960.jpg 1280w\" alt=\"\" width=\"1024\" height=\"768\" \/><\/p>\n","protected":false},"excerpt":{"rendered":"<p>Documentation et informations techniques S\u00e9lectionnez le produit qui vous int\u00e9resse pour trouver plus de documentation et d&rsquo;informations techniques. Si vous avez plus des questions, nous serons ravis de vous aider. North American customers click here Collection DOME DOME Information technique DOME (Fran\u00e7ais) Information technique DOME (Am\u00e9rique du Nord) Mode d\u2019emploi DOME (Fran\u00e7ais) Mode d\u2019emploi DOME [&hellip;]<\/p>\n","protected":false},"author":1,"featured_media":0,"parent":0,"menu_order":0,"comment_status":"closed","ping_status":"closed","template":"elementor_header_footer","meta":{"footnotes":""},"class_list":["post-4966","page","type-page","status-publish","hentry"],"acf":[],"yoast_head":"<!-- This site is optimized with the Yoast SEO plugin v21.7 - https:\/\/yoast.com\/wordpress\/plugins\/seo\/ -->\n<title>Documentation techniques - Prolongez vos grands moments<\/title>\n<meta name=\"description\" content=\"Cherchez-vous plus de documentation technique sur nos produits ? Vous pouvez trouver nos brochures, manuels et bien plus encore sur cette page.\" \/>\n<meta name=\"robots\" content=\"index, follow, max-snippet:-1, max-image-preview:large, max-video-preview:-1\" \/>\n<link rel=\"canonical\" href=\"https:\/\/web.heatsail.com\/fr\/information-technique-documentation\/\" \/>\n<meta property=\"og:locale\" content=\"fr_FR\" \/>\n<meta property=\"og:type\" content=\"article\" \/>\n<meta property=\"og:title\" content=\"Documentation techniques - Prolongez vos grands moments\" \/>\n<meta property=\"og:description\" content=\"Cherchez-vous plus de documentation technique sur nos produits ? Vous pouvez trouver nos brochures, manuels et bien plus encore sur cette page.\" \/>\n<meta property=\"og:url\" content=\"https:\/\/web.heatsail.com\/fr\/information-technique-documentation\/\" \/>\n<meta property=\"og:site_name\" content=\"Heatsail\" \/>\n<meta property=\"article:modified_time\" content=\"2024-05-15T17:16:30+00:00\" \/>\n<meta property=\"og:image\" content=\"http:\/\/web.heatsail.com\/wp-content\/uploads\/2021\/04\/FourSeasonsChaletMdArbois2-1024x768.jpg\" \/>\n<meta name=\"twitter:card\" content=\"summary_large_image\" \/>\n<meta name=\"twitter:label1\" content=\"Dur\u00e9e de lecture estim\u00e9e\" \/>\n\t<meta name=\"twitter:data1\" content=\"2 minutes\" \/>\n<script type=\"application\/ld+json\" class=\"yoast-schema-graph\">{\"@context\":\"https:\/\/schema.org\",\"@graph\":[{\"@type\":\"WebPage\",\"@id\":\"https:\/\/web.heatsail.com\/fr\/information-technique-documentation\/\",\"url\":\"https:\/\/web.heatsail.com\/fr\/information-technique-documentation\/\",\"name\":\"Documentation techniques - Prolongez vos grands moments\",\"isPartOf\":{\"@id\":\"https:\/\/web.heatsail.com\/fr\/#website\"},\"datePublished\":\"2021-05-21T22:40:06+00:00\",\"dateModified\":\"2024-05-15T17:16:30+00:00\",\"description\":\"Cherchez-vous plus de documentation technique sur nos produits ? Vous pouvez trouver nos brochures, manuels et bien plus encore sur cette page.\",\"breadcrumb\":{\"@id\":\"https:\/\/web.heatsail.com\/fr\/information-technique-documentation\/#breadcrumb\"},\"inLanguage\":\"fr-FR\",\"potentialAction\":[{\"@type\":\"ReadAction\",\"target\":[\"https:\/\/web.heatsail.com\/fr\/information-technique-documentation\/\"]}]},{\"@type\":\"BreadcrumbList\",\"@id\":\"https:\/\/web.heatsail.com\/fr\/information-technique-documentation\/#breadcrumb\",\"itemListElement\":[{\"@type\":\"ListItem\",\"position\":1,\"name\":\"Home\",\"item\":\"https:\/\/web.heatsail.com\/fr\/\"},{\"@type\":\"ListItem\",\"position\":2,\"name\":\"Documentation et informations techniques\"}]},{\"@type\":\"WebSite\",\"@id\":\"https:\/\/web.heatsail.com\/fr\/#website\",\"url\":\"https:\/\/web.heatsail.com\/fr\/\",\"name\":\"Heatsail\",\"description\":\"Extend your great moments\",\"publisher\":{\"@id\":\"https:\/\/web.heatsail.com\/fr\/#organization\"},\"potentialAction\":[{\"@type\":\"SearchAction\",\"target\":{\"@type\":\"EntryPoint\",\"urlTemplate\":\"https:\/\/web.heatsail.com\/fr\/?s={search_term_string}\"},\"query-input\":\"required name=search_term_string\"}],\"inLanguage\":\"fr-FR\"},{\"@type\":\"Organization\",\"@id\":\"https:\/\/web.heatsail.com\/fr\/#organization\",\"name\":\"Heatsail\",\"url\":\"https:\/\/web.heatsail.com\/fr\/\",\"logo\":{\"@type\":\"ImageObject\",\"inLanguage\":\"fr-FR\",\"@id\":\"https:\/\/web.heatsail.com\/fr\/#\/schema\/logo\/image\/\",\"url\":\"http:\/\/web.heatsail.com\/wp-content\/uploads\/2021\/04\/Heatsail-LOGO_horizontal-scaled.jpg\",\"contentUrl\":\"http:\/\/web.heatsail.com\/wp-content\/uploads\/2021\/04\/Heatsail-LOGO_horizontal-scaled.jpg\",\"width\":2560,\"height\":506,\"caption\":\"Heatsail\"},\"image\":{\"@id\":\"https:\/\/web.heatsail.com\/fr\/#\/schema\/logo\/image\/\"}}]}<\/script>\n<!-- \/ Yoast SEO plugin. -->","yoast_head_json":{"title":"Documentation techniques - Prolongez vos grands moments","description":"Cherchez-vous plus de documentation technique sur nos produits ? Vous pouvez trouver nos brochures, manuels et bien plus encore sur cette page.","robots":{"index":"index","follow":"follow","max-snippet":"max-snippet:-1","max-image-preview":"max-image-preview:large","max-video-preview":"max-video-preview:-1"},"canonical":"https:\/\/web.heatsail.com\/fr\/information-technique-documentation\/","og_locale":"fr_FR","og_type":"article","og_title":"Documentation techniques - Prolongez vos grands moments","og_description":"Cherchez-vous plus de documentation technique sur nos produits ? Vous pouvez trouver nos brochures, manuels et bien plus encore sur cette page.","og_url":"https:\/\/web.heatsail.com\/fr\/information-technique-documentation\/","og_site_name":"Heatsail","article_modified_time":"2024-05-15T17:16:30+00:00","og_image":[{"url":"http:\/\/web.heatsail.com\/wp-content\/uploads\/2021\/04\/FourSeasonsChaletMdArbois2-1024x768.jpg"}],"twitter_card":"summary_large_image","twitter_misc":{"Dur\u00e9e de lecture estim\u00e9e":"2 minutes"},"schema":{"@context":"https:\/\/schema.org","@graph":[{"@type":"WebPage","@id":"https:\/\/web.heatsail.com\/fr\/information-technique-documentation\/","url":"https:\/\/web.heatsail.com\/fr\/information-technique-documentation\/","name":"Documentation techniques - Prolongez vos grands moments","isPartOf":{"@id":"https:\/\/web.heatsail.com\/fr\/#website"},"datePublished":"2021-05-21T22:40:06+00:00","dateModified":"2024-05-15T17:16:30+00:00","description":"Cherchez-vous plus de documentation technique sur nos produits ? Vous pouvez trouver nos brochures, manuels et bien plus encore sur cette page.","breadcrumb":{"@id":"https:\/\/web.heatsail.com\/fr\/information-technique-documentation\/#breadcrumb"},"inLanguage":"fr-FR","potentialAction":[{"@type":"ReadAction","target":["https:\/\/web.heatsail.com\/fr\/information-technique-documentation\/"]}]},{"@type":"BreadcrumbList","@id":"https:\/\/web.heatsail.com\/fr\/information-technique-documentation\/#breadcrumb","itemListElement":[{"@type":"ListItem","position":1,"name":"Home","item":"https:\/\/web.heatsail.com\/fr\/"},{"@type":"ListItem","position":2,"name":"Documentation et informations techniques"}]},{"@type":"WebSite","@id":"https:\/\/web.heatsail.com\/fr\/#website","url":"https:\/\/web.heatsail.com\/fr\/","name":"Heatsail","description":"Extend your great moments","publisher":{"@id":"https:\/\/web.heatsail.com\/fr\/#organization"},"potentialAction":[{"@type":"SearchAction","target":{"@type":"EntryPoint","urlTemplate":"https:\/\/web.heatsail.com\/fr\/?s={search_term_string}"},"query-input":"required name=search_term_string"}],"inLanguage":"fr-FR"},{"@type":"Organization","@id":"https:\/\/web.heatsail.com\/fr\/#organization","name":"Heatsail","url":"https:\/\/web.heatsail.com\/fr\/","logo":{"@type":"ImageObject","inLanguage":"fr-FR","@id":"https:\/\/web.heatsail.com\/fr\/#\/schema\/logo\/image\/","url":"http:\/\/web.heatsail.com\/wp-content\/uploads\/2021\/04\/Heatsail-LOGO_horizontal-scaled.jpg","contentUrl":"http:\/\/web.heatsail.com\/wp-content\/uploads\/2021\/04\/Heatsail-LOGO_horizontal-scaled.jpg","width":2560,"height":506,"caption":"Heatsail"},"image":{"@id":"https:\/\/web.heatsail.com\/fr\/#\/schema\/logo\/image\/"}}]}},"_links":{"self":[{"href":"https:\/\/web.heatsail.com\/fr\/wp-json\/wp\/v2\/pages\/4966","targetHints":{"allow":["GET"]}}],"collection":[{"href":"https:\/\/web.heatsail.com\/fr\/wp-json\/wp\/v2\/pages"}],"about":[{"href":"https:\/\/web.heatsail.com\/fr\/wp-json\/wp\/v2\/types\/page"}],"author":[{"embeddable":true,"href":"https:\/\/web.heatsail.com\/fr\/wp-json\/wp\/v2\/users\/1"}],"replies":[{"embeddable":true,"href":"https:\/\/web.heatsail.com\/fr\/wp-json\/wp\/v2\/comments?post=4966"}],"version-history":[{"count":35,"href":"https:\/\/web.heatsail.com\/fr\/wp-json\/wp\/v2\/pages\/4966\/revisions"}],"predecessor-version":[{"id":11544,"href":"https:\/\/web.heatsail.com\/fr\/wp-json\/wp\/v2\/pages\/4966\/revisions\/11544"}],"wp:attachment":[{"href":"https:\/\/web.heatsail.com\/fr\/wp-json\/wp\/v2\/media?parent=4966"}],"curies":[{"name":"wp","href":"https:\/\/api.w.org\/{rel}","templated":true}]}}